{"id":768,"date":"2018-07-26T14:05:47","date_gmt":"2018-07-26T17:05:47","guid":{"rendered":"https:\/\/mbelgrano-caba.infd.edu.ar\/sitio\/?page_id=768"},"modified":"2025-09-18T14:14:05","modified_gmt":"2025-09-18T17:14:05","slug":"docentes","status":"publish","type":"page","link":"https:\/\/mbelgrano-caba.infd.edu.ar\/sitio\/docentes\/","title":{"rendered":"Docentes"},"content":{"rendered":"\n<p>Sim\u00f3n Achem<\/p>\n\n\n\n<p>Esteban \u00c1lvarez<\/p>\n\n\n\n<p>Evangelina Acosta<\/p>\n\n\n\n<p>Karina Actis<\/p>\n\n\n\n<p>Mar\u00eda Gabriela Aguero<\/p>\n\n\n\n<p>Javier Alberto<\/p>\n\n\n\n<p>Ignacio Amoroso<\/p>\n\n\n\n<p>Marcela Ardiles<\/p>\n\n\n\n<p>Maia Armando<\/p>\n\n\n\n<p>Fabi\u00e1n Attila<\/p>\n\n\n\n<p>Mar\u00eda Florencia Barroso<\/p>\n\n\n\n<p>Patricia Basualdo<\/p>\n\n\n\n<p>Hern\u00e1n Berm\u00fadez<\/p>\n\n\n\n<p>M. Beatriz Blackhall<\/p>\n\n\n\n<p>Agust\u00edn Blanco<\/p>\n\n\n\n<p>Mar\u00eda Jorgelina Buchara<\/p>\n\n\n\n<p>Cecilia Cabrera<\/p>\n\n\n\n<p>Francisco Capella<\/p>\n\n\n\n<p>Erika Carabajal<\/p>\n\n\n\n<p>Laura Carbone<\/p>\n\n\n\n<p>Silvina Carbone<\/p>\n\n\n\n<p>Andrea C\u00e1rdenas<\/p>\n\n\n\n<p>Yamila Cartannilica<\/p>\n\n\n\n<p>Laura Casabella<\/p>\n\n\n\n<p>Lena Casati<\/p>\n\n\n\n<p>Maricel Cioce<\/p>\n\n\n\n<p>Florencia Coschignano<\/p>\n\n\n\n<p>Daniela Costa Brutten<\/p>\n\n\n\n<p>Inti Costanzo<\/p>\n\n\n\n<p>Paola Cristiano<\/p>\n\n\n\n<p>Mar\u00eda Emilia Demichelis<\/p>\n\n\n\n<p>Lisandro D\u00edaz<\/p>\n\n\n\n<p>Emmanuel Docco<\/p>\n\n\n\n<p>Paula Favaloro<\/p>\n\n\n\n<p>Mar\u00eda Federici<\/p>\n\n\n\n<p>Gabriela Fern\u00e1ndez<\/p>\n\n\n\n<p>Guillermo Fern\u00e1ndez<\/p>\n\n\n\n<p>Jorgelina Fern\u00e1ndez<\/p>\n\n\n\n<p>Mar\u00eda Alejandra Fern\u00e1ndez<\/p>\n\n\n\n<p>Ra\u00fal Fern\u00e1ndez<\/p>\n\n\n\n<p>Ana Mar\u00eda Fern\u00edcola<\/p>\n\n\n\n<p>Estanislao Florido<\/p>\n\n\n\n<p>Paula Forgione<\/p>\n\n\n\n<p>B\u00e1rbara Gallota<\/p>\n\n\n\n<p>Luc\u00eda Gambetta<\/p>\n\n\n\n<p>Andr\u00e9s Garc\u00eda<\/p>\n\n\n\n<p>Santiago Garc\u00eda Pilotto<\/p>\n\n\n\n<p>Fabi\u00e1n Ghernetti<\/p>\n\n\n\n<p>Claudio G\u00f3mez<\/p>\n\n\n\n<p>Florencia In\u00e9s Gonz\u00e1lez<\/p>\n\n\n\n<p>Karina Granieri<\/p>\n\n\n\n<p>Andrea Grosso<\/p>\n\n\n\n<p>Ivo Jurozdicki<\/p>\n\n\n\n<p>Anush Katchadjian<\/p>\n\n\n\n<p>Florencia Lafforgue<\/p>\n\n\n\n<p>Mar\u00eda Alejandra Lanza<\/p>\n\n\n\n<p>Ana Lavarello<\/p>\n\n\n\n<p>Valeria Lipshitz<\/p>\n\n\n\n<p>Melisa L\u00f3pez<\/p>\n\n\n\n<p>Cristina Luna<\/p>\n\n\n\n<p>Rosa Morena Maheasi<\/p>\n\n\n\n<p>Luc\u00eda Marocchi<\/p>\n\n\n\n<p>Mar\u00eda Laura Mart\u00ednez Bigozzi<\/p>\n\n\n\n<p>Juan Pablo Marturano<\/p>\n\n\n\n<p>Paola Mattos<\/p>\n\n\n\n<p>Viviana M\u00e9ndez<\/p>\n\n\n\n<p>Silvia Meza<\/p>\n\n\n\n<p>Lorena Musimesi<\/p>\n\n\n\n<p>Fabi\u00e1n Olmedo<\/p>\n\n\n\n<p>Yolanda Ortiz Pacheco<\/p>\n\n\n\n<p>Fernando Pagnoni Berns<\/p>\n\n\n\n<p>Claudio Pascale<\/p>\n\n\n\n<p>Mariana Pellegrini<\/p>\n\n\n\n<p>Paula Peltr\u00edn<\/p>\n\n\n\n<p>Natalia Pend\u00e1s<\/p>\n\n\n\n<p>Vanesa Perdiechizi<\/p>\n\n\n\n<p>Alejandro P\u00e9rez<\/p>\n\n\n\n<p>Patricia P\u00e9rez<\/p>\n\n\n\n<p>Alejo Petrosini<\/p>\n\n\n\n<p>Graciela Pierangeli<\/p>\n\n\n\n<p>Cynthia Pinski<\/p>\n\n\n\n<p>Ana Plaza Roig<\/p>\n\n\n\n<p>Fernando Polito<\/p>\n\n\n\n<p>Vanina Prajs<\/p>\n\n\n\n<p>Juan Carlos Prudencio Aponte<\/p>\n\n\n\n<p>Claudia Puebla<\/p>\n\n\n\n<p>Silvina Rana<\/p>\n\n\n\n<p>Daniel Rizza<\/p>\n\n\n\n<p>Gast\u00f3n Roccasalvo<\/p>\n\n\n\n<p>Carmen Rocher<\/p>\n\n\n\n<p>Paula Rodr\u00edguez<\/p>\n\n\n\n<p>Victoria Rodr\u00edguez Do Campo<\/p>\n\n\n\n<p>Laura Rodr\u00edguez Sim\u00f3n<\/p>\n\n\n\n<p>Marina Rom\u00e1n<\/p>\n\n\n\n<p>Micaela Rulli<\/p>\n\n\n\n<p>Daniela Saco<\/p>\n\n\n\n<p>Roc\u00edo Salgueiro<\/p>\n\n\n\n<p>Malena San Juan<\/p>\n\n\n\n<p>Mar\u00eda S\u00e1nchez<\/p>\n\n\n\n<p>N\u00e9stor Santacroce<\/p>\n\n\n\n<p>Jorge Santucho<\/p>\n\n\n\n<p>Mariana Schettini<\/p>\n\n\n\n<p>Fabiana Siderakis<\/p>\n\n\n\n<p>Javier Sobrino<\/p>\n\n\n\n<p>Ignacio Soloeta<\/p>\n\n\n\n<p>Mar\u00eda Virginia Spinelli<\/p>\n\n\n\n<p>Paula Torres<\/p>\n\n\n\n<p>Ver\u00f3nica Varela<\/p>\n\n\n\n<p>Demian Ventura<\/p>\n\n\n\n<p>Daniel Vidal<\/p>\n\n\n\n<p class=\"has-small-font-size\">Patricia Zino<\/p>\n\n\n\n<p><\/p>\n","protected":false},"excerpt":{"rendered":"<p>Sim\u00f3n Achem Esteban \u00c1lvarez Evangelina Acosta Karina Actis Mar\u00eda Gabriela Aguero Javier Alberto Ignacio Amoroso Marcela Ardiles Maia Armando Fabi\u00e1n Attila Mar\u00eda Florencia Barroso Patricia Basualdo Hern\u00e1n Berm\u00fadez M. Beatriz Blackhall Agust\u00edn Blanco Mar\u00eda Jorgelina Buchara Cecilia Cabrera Francisco Capella Erika Carabajal Laura Carbone Silvina Carbone Andrea C\u00e1rdenas Yamila Cartannilica Laura Casabella Lena Casati Maricel &#8230; <a title=\"Docentes\" class=\"read-more\" href=\"https:\/\/mbelgrano-caba.infd.edu.ar\/sitio\/docentes\/\" aria-label=\"More on Docentes\">[+]<\/a><\/p>\n","protected":false},"author":6,"featured_media":0,"parent":0,"menu_order":0,"comment_status":"closed","ping_status":"closed","template":"","meta":[],"acf":[],"_links":{"self":[{"href":"https:\/\/mbelgrano-caba.infd.edu.ar\/sitio\/wp-json\/wp\/v2\/pages\/768"}],"collection":[{"href":"https:\/\/mbelgrano-caba.infd.edu.ar\/sitio\/wp-json\/wp\/v2\/pages"}],"about":[{"href":"https:\/\/mbelgrano-caba.infd.edu.ar\/sitio\/wp-json\/wp\/v2\/types\/page"}],"author":[{"embeddable":true,"href":"https:\/\/mbelgrano-caba.infd.edu.ar\/sitio\/wp-json\/wp\/v2\/users\/6"}],"replies":[{"embeddable":true,"href":"https:\/\/mbelgrano-caba.infd.edu.ar\/sitio\/wp-json\/wp\/v2\/comments?post=768"}],"version-history":[{"count":6,"href":"https:\/\/mbelgrano-caba.infd.edu.ar\/sitio\/wp-json\/wp\/v2\/pages\/768\/revisions"}],"predecessor-version":[{"id":938,"href":"https:\/\/mbelgrano-caba.infd.edu.ar\/sitio\/wp-json\/wp\/v2\/pages\/768\/revisions\/938"}],"wp:attachment":[{"href":"https:\/\/mbelgrano-caba.infd.edu.ar\/sitio\/wp-json\/wp\/v2\/media?parent=768"}],"curies":[{"name":"wp","href":"https:\/\/api.w.org\/{rel}","templated":true}]}}