{"id":685,"date":"2018-07-25T15:06:42","date_gmt":"2018-07-25T18:06:42","guid":{"rendered":"https:\/\/mbelgrano-caba.infd.edu.ar\/sitio\/?page_id=685"},"modified":"2025-09-18T13:10:58","modified_gmt":"2025-09-18T16:10:58","slug":"autoridades","status":"publish","type":"page","link":"https:\/\/mbelgrano-caba.infd.edu.ar\/sitio\/institucional\/autoridades\/","title":{"rendered":"Autoridades"},"content":{"rendered":"<h4>DIRECTOR<\/h4>\n<p>Prof. Heran\u00e1n Berm\u00fadez<\/p>\n<h4><span data-mce-mark=\"1\"><strong>SECRETAR\u00cdA<\/strong><\/span><\/h4>\n<p>Prof. Mariano Marcos<\/p>\n<p><span data-mce-mark=\"1\">Tel\u00e9fono: 4362-085370598 (interno 106\/112)<\/span><\/p>\n<p><span data-mce-mark=\"1\">E-mail: esea.belgranoterciaria@bue.edu.ar<\/span><\/p>\n<h4>PROSECRETAR\u00cdA \/ DEPARTAMENTO DE ALUMNXS<\/h4>\n<p>Prof. Stephanie Arellanos<b>\u00a0<\/b><\/p>\n<p>Horario Atenci\u00f3n L\u00a0a V 9 a\u00a011<b> &#8211;<\/b> 19 a 21 hs.<\/p>\n<div>TEL 4362-0853 INTERNO 105<\/div>\n<div><\/div>\n<p>Email: eseamb.terciario.dptoalumnos@gmail.com<\/p>\n<h4><strong>COORDINACIONES<\/strong><\/h4>\n<p>DIBUJO: Prof. Hern\u00e1n Berm\u00fadez<\/p>\n<p>PINTURA: Prof. Paula Rodr\u00edguez<\/p>\n<p>GRABADO: Prof. Florencia Coschignano<\/p>\n<p>ESCULTURA \/ HISTORIA DEL ARTE: Prof. M. Beatriz Blackhall<\/p>\n<p>FORMACI\u00d3N DE LA PR\u00c1CTICA PROFESIONAL: Lic. Cristina Luna<\/p>\n<h4>REGENCIA TN<\/h4>\n<p>Prof. Laura Rod\u00edguez Sim\u00f3n<\/p>\n","protected":false},"excerpt":{"rendered":"<p>DIRECTOR Prof. Heran\u00e1n Berm\u00fadez SECRETAR\u00cdA Prof. Mariano Marcos Tel\u00e9fono: 4362-085370598 (interno 106\/112) E-mail: esea.belgranoterciaria@bue.edu.ar PROSECRETAR\u00cdA \/ DEPARTAMENTO DE ALUMNXS Prof. Stephanie Arellanos\u00a0 Horario Atenci\u00f3n L\u00a0a V 9 a\u00a011 &#8211; 19 a 21 hs. TEL 4362-0853 INTERNO 105 Email: eseamb.terciario.dptoalumnos@gmail.com COORDINACIONES DIBUJO: Prof. Hern\u00e1n Berm\u00fadez PINTURA: Prof. Paula Rodr\u00edguez GRABADO: Prof. Florencia Coschignano ESCULTURA \/ HISTORIA &#8230; <a title=\"Autoridades\" class=\"read-more\" href=\"https:\/\/mbelgrano-caba.infd.edu.ar\/sitio\/institucional\/autoridades\/\" aria-label=\"More on Autoridades\">[+]<\/a><\/p>\n","protected":false},"author":6,"featured_media":0,"parent":683,"menu_order":0,"comment_status":"closed","ping_status":"closed","template":"","meta":[],"acf":[],"_links":{"self":[{"href":"https:\/\/mbelgrano-caba.infd.edu.ar\/sitio\/wp-json\/wp\/v2\/pages\/685"}],"collection":[{"href":"https:\/\/mbelgrano-caba.infd.edu.ar\/sitio\/wp-json\/wp\/v2\/pages"}],"about":[{"href":"https:\/\/mbelgrano-caba.infd.edu.ar\/sitio\/wp-json\/wp\/v2\/types\/page"}],"author":[{"embeddable":true,"href":"https:\/\/mbelgrano-caba.infd.edu.ar\/sitio\/wp-json\/wp\/v2\/users\/6"}],"replies":[{"embeddable":true,"href":"https:\/\/mbelgrano-caba.infd.edu.ar\/sitio\/wp-json\/wp\/v2\/comments?post=685"}],"version-history":[{"count":12,"href":"https:\/\/mbelgrano-caba.infd.edu.ar\/sitio\/wp-json\/wp\/v2\/pages\/685\/revisions"}],"predecessor-version":[{"id":921,"href":"https:\/\/mbelgrano-caba.infd.edu.ar\/sitio\/wp-json\/wp\/v2\/pages\/685\/revisions\/921"}],"up":[{"embeddable":true,"href":"https:\/\/mbelgrano-caba.infd.edu.ar\/sitio\/wp-json\/wp\/v2\/pages\/683"}],"wp:attachment":[{"href":"https:\/\/mbelgrano-caba.infd.edu.ar\/sitio\/wp-json\/wp\/v2\/media?parent=685"}],"curies":[{"name":"wp","href":"https:\/\/api.w.org\/{rel}","templated":true}]}}