{"id":318,"date":"2016-10-31T14:20:44","date_gmt":"2016-10-31T17:20:44","guid":{"rendered":"https:\/\/mbelgrano-caba.infd.edu.ar\/sitio\/?page_id=318"},"modified":"2025-09-18T13:39:13","modified_gmt":"2025-09-18T16:39:13","slug":"contacto","status":"publish","type":"page","link":"https:\/\/mbelgrano-caba.infd.edu.ar\/sitio\/institucional\/contacto\/","title":{"rendered":"Datos de contacto"},"content":{"rendered":"<h2>Comunicate con nosotros<\/h2>\n<p>Dpto. de Alumnxs<\/p>\n<p>MAIL: eseamb.terciario.dptoalumnos@gmail.com<\/p>\n<p>IG: @labelgranoterciario<\/p>\n<p>@departamentodegrabado<\/p>\n<p>@departamentosdedibujoypintura<\/p>\n<p>@esculturalabelgrano<\/p>\n<p><strong>Direcci\u00f3n: Wenceslao Villafa\u00f1e 1342<br \/>\nTel\u00e9fono: 4362-0853 \u00f3 4362-0598 (interno 105\/106\/112)<br \/>\nHorarios de atenci\u00f3n: 9:00 a 11 \u00f3 de 19:00 a 21:00 hs.<\/strong><\/p>\n","protected":false},"excerpt":{"rendered":"<p>Comunicate con nosotros Dpto. de Alumnxs MAIL: eseamb.terciario.dptoalumnos@gmail.com IG: @labelgranoterciario @departamentodegrabado @departamentosdedibujoypintura @esculturalabelgrano Direcci\u00f3n: Wenceslao Villafa\u00f1e 1342 Tel\u00e9fono: 4362-0853 \u00f3 4362-0598 (interno 105\/106\/112) Horarios de atenci\u00f3n: 9:00 a 11 \u00f3 de 19:00 a 21:00 hs.<\/p>\n","protected":false},"author":1,"featured_media":0,"parent":683,"menu_order":0,"comment_status":"closed","ping_status":"closed","template":"","meta":[],"acf":[],"_links":{"self":[{"href":"https:\/\/mbelgrano-caba.infd.edu.ar\/sitio\/wp-json\/wp\/v2\/pages\/318"}],"collection":[{"href":"https:\/\/mbelgrano-caba.infd.edu.ar\/sitio\/wp-json\/wp\/v2\/pages"}],"about":[{"href":"https:\/\/mbelgrano-caba.infd.edu.ar\/sitio\/wp-json\/wp\/v2\/types\/page"}],"author":[{"embeddable":true,"href":"https:\/\/mbelgrano-caba.infd.edu.ar\/sitio\/wp-json\/wp\/v2\/users\/1"}],"replies":[{"embeddable":true,"href":"https:\/\/mbelgrano-caba.infd.edu.ar\/sitio\/wp-json\/wp\/v2\/comments?post=318"}],"version-history":[{"count":17,"href":"https:\/\/mbelgrano-caba.infd.edu.ar\/sitio\/wp-json\/wp\/v2\/pages\/318\/revisions"}],"predecessor-version":[{"id":930,"href":"https:\/\/mbelgrano-caba.infd.edu.ar\/sitio\/wp-json\/wp\/v2\/pages\/318\/revisions\/930"}],"up":[{"embeddable":true,"href":"https:\/\/mbelgrano-caba.infd.edu.ar\/sitio\/wp-json\/wp\/v2\/pages\/683"}],"wp:attachment":[{"href":"https:\/\/mbelgrano-caba.infd.edu.ar\/sitio\/wp-json\/wp\/v2\/media?parent=318"}],"curies":[{"name":"wp","href":"https:\/\/api.w.org\/{rel}","templated":true}]}}